{"id":4085,"date":"2018-05-16T14:09:55","date_gmt":"2018-05-16T11:09:55","guid":{"rendered":"https:\/\/baltilogistika.com\/nipid-ja-tooriistad\/pallet-types\/"},"modified":"2023-07-19T15:25:57","modified_gmt":"2023-07-19T12:25:57","slug":"aluste-tuubid","status":"publish","type":"page","link":"https:\/\/www.baltilogistika.com\/et\/nipid-ja-tooriistad\/aluste-tuubid\/","title":{"rendered":"Aluste t\u00fc\u00fcbid"},"content":{"rendered":"<p>V\u00e4ljaspool Euroopa Liitu asuvatesse sihtpunktidesse saatmisel n\u00f5utakse enamasti kuumt\u00f6\u00f6deldud aluseid (t\u00e4histus \u201eIPPC\u201c).<\/p>\n<table style=\"height: 146px;\" width=\"411\">\n<tbody>\n<tr>\n<td style=\"width: 160px;\"><strong><span style=\"color: #c40c30;\">Aluste t\u00fc\u00fcbid<\/span><\/strong><\/td>\n<td style=\"width: 235px;\"><strong><span style=\"color: #c40c30;\">M\u00f5\u00f5tmed<\/span><\/strong><\/td>\n<\/tr>\n<tr>\n<td style=\"width: 160px;\">Euroalus<\/td>\n<td style=\"width: 235px;\">1200 x 800 x h mm<\/td>\n<\/tr>\n<tr>\n<td style=\"width: 160px;\">V\u00e4ike euroalus<\/td>\n<td style=\"width: 235px;\">800 x 600 x h mm<\/td>\n<\/tr>\n<tr>\n<td style=\"width: 160px;\">FIN (ISO) alus<\/td>\n<td style=\"width: 235px;\">1000 x 1200 x h mm<\/td>\n<\/tr>\n<\/tbody>\n<\/table>\n","protected":false},"excerpt":{"rendered":"V\u00e4ljaspool Euroopa Liitu asuvatesse sihtpunktidesse saatmisel n\u00f5utakse enamasti kuumt\u00f6\u00f6deldud aluseid (t\u00e4histus \u201eIPPC\u201c). Aluste t\u00fc\u00fcbid M\u00f5\u00f5tmed Euroalus 1200 x 800 x h mm V\u00e4ike euroalus 800 x 600 x h mm FIN (ISO) alus 1000 x 1200 x h mm","protected":false},"author":1,"featured_media":0,"parent":4062,"menu_order":3,"comment_status":"closed","ping_status":"closed","template":"","meta":{"_exactmetrics_skip_tracking":false,"_exactmetrics_sitenote_active":false,"_exactmetrics_sitenote_note":"","_exactmetrics_sitenote_category":0,"footnotes":""},"class_list":["post-4085","page","type-page","status-publish","hentry"],"_links":{"self":[{"href":"https:\/\/www.baltilogistika.com\/et\/wp-json\/wp\/v2\/pages\/4085"}],"collection":[{"href":"https:\/\/www.baltilogistika.com\/et\/wp-json\/wp\/v2\/pages"}],"about":[{"href":"https:\/\/www.baltilogistika.com\/et\/wp-json\/wp\/v2\/types\/page"}],"author":[{"embeddable":true,"href":"https:\/\/www.baltilogistika.com\/et\/wp-json\/wp\/v2\/users\/1"}],"replies":[{"embeddable":true,"href":"https:\/\/www.baltilogistika.com\/et\/wp-json\/wp\/v2\/comments?post=4085"}],"version-history":[{"count":2,"href":"https:\/\/www.baltilogistika.com\/et\/wp-json\/wp\/v2\/pages\/4085\/revisions"}],"predecessor-version":[{"id":4087,"href":"https:\/\/www.baltilogistika.com\/et\/wp-json\/wp\/v2\/pages\/4085\/revisions\/4087"}],"up":[{"embeddable":true,"href":"https:\/\/www.baltilogistika.com\/et\/wp-json\/wp\/v2\/pages\/4062"}],"wp:attachment":[{"href":"https:\/\/www.baltilogistika.com\/et\/wp-json\/wp\/v2\/media?parent=4085"}],"curies":[{"name":"wp","href":"https:\/\/api.w.org\/{rel}","templated":true}]}}