{"id":4092,"date":"2018-04-16T14:34:02","date_gmt":"2018-04-16T11:34:02","guid":{"rendered":"https:\/\/baltilogistika.com\/teenused\/air-freight\/"},"modified":"2025-01-09T13:21:50","modified_gmt":"2025-01-09T11:21:50","slug":"lennutransport","status":"publish","type":"page","link":"https:\/\/www.baltilogistika.com\/et\/teenused\/lennutransport\/","title":{"rendered":"Lennutransport"},"content":{"rendered":"<p>Lennutransport on parim transpordiviis kaupadele, mis vajavad kiiret kohaletoimetamist ja minimaalset varude taset.<\/p>\n<p><strong>Balti Logistika pakub:<\/strong><\/p>\n<ul>\n<li>uksest ukseni teenust enam kui 185 riigis;<\/li>\n<li>kiiret otselennuteenust (<i>direct<\/i>) ja soodusteenust (<i>economy<\/i>);<\/li>\n<li>t\u00f5husat konsolideerimisteenust P\u00f5hja-Ameerikast ja Aasiast;<\/li>\n<li>saadetise teekonna j\u00e4lgimist l\u00e4bi Balti Logistika veebilehe (<a href=\"http:\/\/www.baltilogistika.com\/\">www.baltilogistika.com<\/a>).<\/li>\n<\/ul>\n<p><strong>Lennutranspordi kohta on kasulik teada j\u00e4rgmist:<\/strong><\/p>\n<ul>\n<li>mahu ja kaalu suhe lennutranspordis on 1 m3 = 166,67 kg;<\/li>\n<li>lennutranspordis on vedaja vastutus kuni 26,00 SDR-i brutokaalu kg kohta.<\/li>\n<\/ul>\n<p><strong>Seotud dokumendid:<\/strong><\/p>\n<ul>\n<li>lennutranspordi saateleht (AWB);<\/li>\n<li>kauba manifest;<\/li>\n<li>saatja v\u00e4ljastatud kaubaarve v\u00f5i pakkeleht.<\/li>\n<\/ul>\n<p>&nbsp;<\/p>\n<p>Lisateabe saamiseks v\u00f5tke meiega\u00a0 \u00fchendust <span class=\"ui-provider a b c d e f g h i j k l m n o p q r s t u v w x y z ab ac ae af ag ah ai aj ak\" dir=\"ltr\"><a title=\"tel:+372 605 6161\" target=\"_blank\" rel=\"noreferrer noopener\">+372 605 6161<\/a><\/span> v\u00f5i saatke meile p\u00e4ring <a href=\"mailto:Pricing@baltilogistika.com\"><strong>Pricing@baltilogistika.com<\/strong><\/a><\/p>\n","protected":false},"excerpt":{"rendered":"Lennutransport on parim transpordiviis kaupadele, mis vajavad kiiret kohaletoimetamist ja minimaalset varude taset. Balti Logistika pakub: uksest ukseni teenust enam kui 185 riigis; kiiret otselennuteenust (direct) ja soodusteenust (economy); t\u00f5husat konsolideerimisteenust P\u00f5hja-Ameerikast ja Aasiast; saadetise teekonna j\u00e4lgimist l\u00e4bi Balti Logistika veebilehe (www.baltilogistika.com). Lennutranspordi kohta on kasulik teada j\u00e4rgmist: mahu ja kaalu suhe lennutranspordis on 1&#8230; <a class=\"view-article\" href=\"https:\/\/www.baltilogistika.com\/et\/teenused\/lennutransport\/\">View Article<\/a>","protected":false},"author":1,"featured_media":0,"parent":4089,"menu_order":0,"comment_status":"closed","ping_status":"closed","template":"","meta":{"_exactmetrics_skip_tracking":false,"_exactmetrics_sitenote_active":false,"_exactmetrics_sitenote_note":"","_exactmetrics_sitenote_category":0,"footnotes":""},"class_list":["post-4092","page","type-page","status-publish","hentry"],"_links":{"self":[{"href":"https:\/\/www.baltilogistika.com\/et\/wp-json\/wp\/v2\/pages\/4092"}],"collection":[{"href":"https:\/\/www.baltilogistika.com\/et\/wp-json\/wp\/v2\/pages"}],"about":[{"href":"https:\/\/www.baltilogistika.com\/et\/wp-json\/wp\/v2\/types\/page"}],"author":[{"embeddable":true,"href":"https:\/\/www.baltilogistika.com\/et\/wp-json\/wp\/v2\/users\/1"}],"replies":[{"embeddable":true,"href":"https:\/\/www.baltilogistika.com\/et\/wp-json\/wp\/v2\/comments?post=4092"}],"version-history":[{"count":5,"href":"https:\/\/www.baltilogistika.com\/et\/wp-json\/wp\/v2\/pages\/4092\/revisions"}],"predecessor-version":[{"id":4826,"href":"https:\/\/www.baltilogistika.com\/et\/wp-json\/wp\/v2\/pages\/4092\/revisions\/4826"}],"up":[{"embeddable":true,"href":"https:\/\/www.baltilogistika.com\/et\/wp-json\/wp\/v2\/pages\/4089"}],"wp:attachment":[{"href":"https:\/\/www.baltilogistika.com\/et\/wp-json\/wp\/v2\/media?parent=4092"}],"curies":[{"name":"wp","href":"https:\/\/api.w.org\/{rel}","templated":true}]}}