{"id":4103,"date":"2018-04-16T14:36:48","date_gmt":"2018-04-16T11:36:48","guid":{"rendered":"https:\/\/baltilogistika.com\/teenused\/road-freight\/"},"modified":"2024-03-22T13:45:48","modified_gmt":"2024-03-22T11:45:48","slug":"maanteetransport","status":"publish","type":"page","link":"https:\/\/www.baltilogistika.com\/et\/teenused\/maanteetransport\/","title":{"rendered":"Maanteetransport"},"content":{"rendered":"<p>Maanteetransport on k\u00f5ige t\u00f5husam transpordiviis Euroopasiseseks kaubavahetuseks<\/p>\n<p><b>Balti Logistika pakub:<\/b><\/p>\n<ul>\n<li>uksest ukseni teenust kogu Euroopas;<\/li>\n<li>t\u00fckikauba veo (LTL) ja t\u00e4istreileri (FTL) teenust;<\/li>\n<\/ul>\n<p><b>Maanteetranspordi kohta on kasulik teada j\u00e4rgmist:<\/b><\/p>\n<ul>\n<li>mahu ja kaalu suhe maanteetranspordis on 1 m3 = 333,33 kg;<\/li>\n<li>maanteetranspordis on vedaja vastutus kuni 8,33 SDR-i brutokaalu kg kohta;<\/li>\n<li>tavalise tent-treileri m\u00f5\u00f5tmed: pikkus 13,60 m, laius 2,45 m ja k\u00f5rgus 2,70 m;<\/li>\n<li>tavaliselt mahub treilerisse kuni 33 euroalust v\u00f5i 26 FIN-alust.<\/li>\n<\/ul>\n<p>Lisateabe saamiseks v\u00f5tke meiega\u00a0 \u00fchendust <span class=\"ui-provider a b c d e f g h i j k l m n o p q r s t u v w x y z ab ac ae af ag ah ai aj ak\" dir=\"ltr\"><a title=\"tel:+372 605 6161\" target=\"_blank\" rel=\"noreferrer noopener\">+372 605 6161<\/a><\/span> v\u00f5i saatke meile p\u00e4ring <a href=\"mailto:Pricing@baltilogistika.com\"><strong>Pricing@baltilogistika.com<\/strong><\/a><\/p>\n","protected":false},"excerpt":{"rendered":"Maanteetransport on k\u00f5ige t\u00f5husam transpordiviis Euroopasiseseks kaubavahetuseks Balti Logistika pakub: uksest ukseni teenust kogu Euroopas; t\u00fckikauba veo (LTL) ja t\u00e4istreileri (FTL) teenust; Maanteetranspordi kohta on kasulik teada j\u00e4rgmist: mahu ja kaalu suhe maanteetranspordis on 1 m3 = 333,33 kg; maanteetranspordis on vedaja vastutus kuni 8,33 SDR-i brutokaalu kg kohta; tavalise tent-treileri m\u00f5\u00f5tmed: pikkus 13,60 m,&#8230; <a class=\"view-article\" href=\"https:\/\/www.baltilogistika.com\/et\/teenused\/maanteetransport\/\">View Article<\/a>","protected":false},"author":1,"featured_media":0,"parent":4089,"menu_order":3,"comment_status":"closed","ping_status":"closed","template":"","meta":{"_exactmetrics_skip_tracking":false,"_exactmetrics_sitenote_active":false,"_exactmetrics_sitenote_note":"","_exactmetrics_sitenote_category":0,"footnotes":""},"class_list":["post-4103","page","type-page","status-publish","hentry"],"_links":{"self":[{"href":"https:\/\/www.baltilogistika.com\/et\/wp-json\/wp\/v2\/pages\/4103"}],"collection":[{"href":"https:\/\/www.baltilogistika.com\/et\/wp-json\/wp\/v2\/pages"}],"about":[{"href":"https:\/\/www.baltilogistika.com\/et\/wp-json\/wp\/v2\/types\/page"}],"author":[{"embeddable":true,"href":"https:\/\/www.baltilogistika.com\/et\/wp-json\/wp\/v2\/users\/1"}],"replies":[{"embeddable":true,"href":"https:\/\/www.baltilogistika.com\/et\/wp-json\/wp\/v2\/comments?post=4103"}],"version-history":[{"count":3,"href":"https:\/\/www.baltilogistika.com\/et\/wp-json\/wp\/v2\/pages\/4103\/revisions"}],"predecessor-version":[{"id":4702,"href":"https:\/\/www.baltilogistika.com\/et\/wp-json\/wp\/v2\/pages\/4103\/revisions\/4702"}],"up":[{"embeddable":true,"href":"https:\/\/www.baltilogistika.com\/et\/wp-json\/wp\/v2\/pages\/4089"}],"wp:attachment":[{"href":"https:\/\/www.baltilogistika.com\/et\/wp-json\/wp\/v2\/media?parent=4103"}],"curies":[{"name":"wp","href":"https:\/\/api.w.org\/{rel}","templated":true}]}}