{"id":4106,"date":"2018-04-16T14:37:07","date_gmt":"2018-04-16T11:37:07","guid":{"rendered":"https:\/\/baltilogistika.com\/teenused\/emergency-logistics\/"},"modified":"2025-01-09T13:20:12","modified_gmt":"2025-01-09T11:20:12","slug":"erilahendused","status":"publish","type":"page","link":"https:\/\/www.baltilogistika.com\/et\/teenused\/erilahendused\/","title":{"rendered":"Erilahendused"},"content":{"rendered":"<p>Erilahenduste all m\u00f5eldakse \u00e4\u00e4rmiselt kiiret ja usaldusv\u00e4\u00e4rset transporti.<\/p>\n<p>See on turu kiireim transpordiviis.<\/p>\n<p>Balti Logistika pakub erilahendusi erinevatesse sihtpunktidesse \u00fcle kogu maailma.<\/p>\n<p>Kui on tegemist ajakriitiliste varuosade, ajakriitiliste dokumentide, ainulaadse n\u00e4idise v\u00f5i temperatuuritundlike bioloogiliste anal\u00fc\u00fcsidega, toimetame iga saadetise sihtpunkti usaldusv\u00e4\u00e4rselt ja kiireimal v\u00f5imalikul moel.<\/p>\n<p>Pakume j\u00e4rgmiseid lisateenuseid:<\/p>\n<ul>\n<li>Kaitsev\u00e4e kaubavedu<\/li>\n<li>N\u00e4ituste ja messide kaupade veod<\/li>\n<li>ATA Carnet kaubaveod<\/li>\n<li>Ohtlikud kaubad<\/li>\n<li>Temperatuuri tundlikud kaubad<\/li>\n<\/ul>\n<p>Lisateabe saamiseks v\u00f5tke meiega\u00a0 \u00fchendust <span class=\"ui-provider a b c d e f g h i j k l m n o p q r s t u v w x y z ab ac ae af ag ah ai aj ak\" dir=\"ltr\"><a title=\"tel:+372 605 6161\" target=\"_blank\" rel=\"noreferrer noopener\">+372 5191 4726\u00a0<\/a><\/span> v\u00f5i saatke meile p\u00e4ring <a href=\"mailto:Pricing@baltilogistika.com\"><strong>Special@baltilogistika.com<\/strong><\/a><\/p>\n","protected":false},"excerpt":{"rendered":"Erilahenduste all m\u00f5eldakse \u00e4\u00e4rmiselt kiiret ja usaldusv\u00e4\u00e4rset transporti. See on turu kiireim transpordiviis. Balti Logistika pakub erilahendusi erinevatesse sihtpunktidesse \u00fcle kogu maailma. Kui on tegemist ajakriitiliste varuosade, ajakriitiliste dokumentide, ainulaadse n\u00e4idise v\u00f5i temperatuuritundlike bioloogiliste anal\u00fc\u00fcsidega, toimetame iga saadetise sihtpunkti usaldusv\u00e4\u00e4rselt ja kiireimal v\u00f5imalikul moel. Pakume j\u00e4rgmiseid lisateenuseid: Kaitsev\u00e4e kaubavedu N\u00e4ituste ja messide kaupade veod ATA&#8230; <a class=\"view-article\" href=\"https:\/\/www.baltilogistika.com\/et\/teenused\/erilahendused\/\">View Article<\/a>","protected":false},"author":1,"featured_media":0,"parent":4089,"menu_order":5,"comment_status":"closed","ping_status":"closed","template":"","meta":{"_exactmetrics_skip_tracking":false,"_exactmetrics_sitenote_active":false,"_exactmetrics_sitenote_note":"","_exactmetrics_sitenote_category":0,"footnotes":""},"class_list":["post-4106","page","type-page","status-publish","hentry"],"_links":{"self":[{"href":"https:\/\/www.baltilogistika.com\/et\/wp-json\/wp\/v2\/pages\/4106"}],"collection":[{"href":"https:\/\/www.baltilogistika.com\/et\/wp-json\/wp\/v2\/pages"}],"about":[{"href":"https:\/\/www.baltilogistika.com\/et\/wp-json\/wp\/v2\/types\/page"}],"author":[{"embeddable":true,"href":"https:\/\/www.baltilogistika.com\/et\/wp-json\/wp\/v2\/users\/1"}],"replies":[{"embeddable":true,"href":"https:\/\/www.baltilogistika.com\/et\/wp-json\/wp\/v2\/comments?post=4106"}],"version-history":[{"count":5,"href":"https:\/\/www.baltilogistika.com\/et\/wp-json\/wp\/v2\/pages\/4106\/revisions"}],"predecessor-version":[{"id":4823,"href":"https:\/\/www.baltilogistika.com\/et\/wp-json\/wp\/v2\/pages\/4106\/revisions\/4823"}],"up":[{"embeddable":true,"href":"https:\/\/www.baltilogistika.com\/et\/wp-json\/wp\/v2\/pages\/4089"}],"wp:attachment":[{"href":"https:\/\/www.baltilogistika.com\/et\/wp-json\/wp\/v2\/media?parent=4106"}],"curies":[{"name":"wp","href":"https:\/\/api.w.org\/{rel}","templated":true}]}}