{"id":4143,"date":"2018-04-16T14:37:07","date_gmt":"2018-04-16T11:37:07","guid":{"rendered":"https:\/\/baltilogistika.com\/pakalpojumi\/emergency-logistics\/"},"modified":"2025-01-09T13:29:19","modified_gmt":"2025-01-09T11:29:19","slug":"arkartas-logistika","status":"publish","type":"page","link":"https:\/\/www.baltilogistika.com\/lv\/pakalpojumi\/arkartas-logistika\/","title":{"rendered":"\u0100rk\u0101rtas lo\u0123istika"},"content":{"rendered":"<p>\u0100rk\u0101rtas lo\u0123istika ir lo\u0123istikas risin\u0101jumu kopums \u012bpa\u0161i \u0101tram un dro\u0161am p\u0101rvad\u0101jumam.<\/p>\n<p>Tas ir \u0101tr\u0101kais tirg\u016b pieejamais p\u0101rvad\u0101juma veids.<\/p>\n<p>Balti Logistika pied\u0101v\u0101 \u0101rk\u0101rtas lo\u0123istikas pakalpojumus uz galam\u0113r\u0137iem vis\u0101 pasaul\u0113.<\/p>\n<p>Steidzami nepiecie\u0161amas rezerves da\u013cas, steidzami dokumenti, unik\u0101li paraugi vai jut\u012bgi paraugi \u2013 m\u0113s nog\u0101d\u0101sim ikvienu s\u016bt\u012bjumu l\u012bdz galam\u0113r\u0137im dro\u0161i un vis\u0101tr\u0101kaj\u0101 iesp\u0113jamaj\u0101 veid\u0101.<\/p>\n<p>Esam gatavi atbalst\u012bt J\u016bsu uz\u0146\u0113mumu ar :<\/p>\n<ul>\n<li>Aizsardz\u012bbas kravu p\u0101rvad\u0101jumiem<\/li>\n<li>Izst\u0101\u017eu un gadatirgu kravu p\u0101rvad\u0101jumiem<\/li>\n<li>ATA karne\u0161u kravu p\u0101rvad\u0101jumiem<\/li>\n<li>B\u012bstamo kravu p\u0101rvad\u0101jumiem<\/li>\n<li>Temperat\u016bras kontrol\u0113tas kravas p\u0101rvad\u0101jumiem<\/li>\n<li>\u0100rk\u0101rtas lo\u0123istiku<\/li>\n<\/ul>\n<p>Lai ieg\u016btu vair\u0101k inform\u0101cijas, varat sazin\u0101ties ar mums +372 5191 4726 vai nos\u016bt\u012bt piepras\u012bjumu <strong><a href=\"mailto:Special@baltilogistika.com\">Special@baltilogistika.com<\/a><\/strong><\/p>\n","protected":false},"excerpt":{"rendered":"\u0100rk\u0101rtas lo\u0123istika ir lo\u0123istikas risin\u0101jumu kopums \u012bpa\u0161i \u0101tram un dro\u0161am p\u0101rvad\u0101jumam. Tas ir \u0101tr\u0101kais tirg\u016b pieejamais p\u0101rvad\u0101juma veids. Balti Logistika pied\u0101v\u0101 \u0101rk\u0101rtas lo\u0123istikas pakalpojumus uz galam\u0113r\u0137iem vis\u0101 pasaul\u0113. Steidzami nepiecie\u0161amas rezerves da\u013cas, steidzami dokumenti, unik\u0101li paraugi vai jut\u012bgi paraugi \u2013 m\u0113s nog\u0101d\u0101sim ikvienu s\u016bt\u012bjumu l\u012bdz galam\u0113r\u0137im dro\u0161i un vis\u0101tr\u0101kaj\u0101 iesp\u0113jamaj\u0101 veid\u0101. Esam gatavi atbalst\u012bt J\u016bsu&#8230; <a class=\"view-article\" href=\"https:\/\/www.baltilogistika.com\/lv\/pakalpojumi\/arkartas-logistika\/\">View Article<\/a>","protected":false},"author":1,"featured_media":0,"parent":4127,"menu_order":5,"comment_status":"closed","ping_status":"closed","template":"","meta":{"_exactmetrics_skip_tracking":false,"_exactmetrics_sitenote_active":false,"_exactmetrics_sitenote_note":"","_exactmetrics_sitenote_category":0,"footnotes":""},"class_list":["post-4143","page","type-page","status-publish","hentry"],"_links":{"self":[{"href":"https:\/\/www.baltilogistika.com\/lv\/wp-json\/wp\/v2\/pages\/4143"}],"collection":[{"href":"https:\/\/www.baltilogistika.com\/lv\/wp-json\/wp\/v2\/pages"}],"about":[{"href":"https:\/\/www.baltilogistika.com\/lv\/wp-json\/wp\/v2\/types\/page"}],"author":[{"embeddable":true,"href":"https:\/\/www.baltilogistika.com\/lv\/wp-json\/wp\/v2\/users\/1"}],"replies":[{"embeddable":true,"href":"https:\/\/www.baltilogistika.com\/lv\/wp-json\/wp\/v2\/comments?post=4143"}],"version-history":[{"count":5,"href":"https:\/\/www.baltilogistika.com\/lv\/wp-json\/wp\/v2\/pages\/4143\/revisions"}],"predecessor-version":[{"id":4836,"href":"https:\/\/www.baltilogistika.com\/lv\/wp-json\/wp\/v2\/pages\/4143\/revisions\/4836"}],"up":[{"embeddable":true,"href":"https:\/\/www.baltilogistika.com\/lv\/wp-json\/wp\/v2\/pages\/4127"}],"wp:attachment":[{"href":"https:\/\/www.baltilogistika.com\/lv\/wp-json\/wp\/v2\/media?parent=4143"}],"curies":[{"name":"wp","href":"https:\/\/api.w.org\/{rel}","templated":true}]}}