{"id":4165,"date":"2018-05-16T13:40:13","date_gmt":"2018-05-16T10:40:13","guid":{"rendered":"https:\/\/baltilogistika.com\/padomi-un-riki\/incoterms\/"},"modified":"2023-07-20T11:34:35","modified_gmt":"2023-07-20T08:34:35","slug":"incoterms","status":"publish","type":"page","link":"https:\/\/www.baltilogistika.com\/lv\/padomi-un-riki\/incoterms\/","title":{"rendered":"Incoterms"},"content":{"rendered":"<h5>EXW \u2013 No r\u016bpn\u012bcas (nodo\u0161anas vietas nosaukums)<\/h5>\n<p>P\u0101rdev\u0113js nodro\u0161ina preces pieejam\u012bbu sav\u0101s telp\u0101s. Pirc\u0113js atbild par iekrau\u0161anu. \u0160is nosac\u012bjums uzliek maksim\u0101lu atbild\u012bbu pirc\u0113jam, bet minim\u0101lu atbild\u012bbu p\u0101rdev\u0113jam. EXW nosac\u012bjumi parasti tiek izmantoti, izdarot s\u0101kotn\u0113jo cenas pied\u0101v\u0101jumu pre\u010du p\u0101rdo\u0161anai, neietverot nek\u0101das izmaksas. EXW noz\u012bm\u0113, ka p\u0101rdev\u0113js konkr\u0113t\u0101 datum\u0101 nodro\u0161ina preces pieejam\u012bbu no sav\u0101m telp\u0101m (r\u016bpn\u012bca, noliktava, ra\u017eotne). Pirc\u0113js apmaks\u0101 visus ar transport\u0113\u0161anu saist\u012btos izdevumus un ir atbild\u012bgs par visiem apdraud\u0113jumiem preces ce\u013c\u0101 l\u012bdz galam\u0113r\u0137im. P\u0101rdev\u0113js nav atbild\u012bgs par pre\u010du iekrau\u0161anu transportl\u012bdzek\u013cos, kas ierodas p\u0113c preces, un neveic ar pre\u010du eksportu saist\u012bt\u0101s formalit\u0101tes. Ja p\u0101rdev\u0113js preces tom\u0113r iekrauj, par izmaks\u0101m un citiem riskiem t\u0101pat atbild\u012bgs ir pirc\u0113js. Ja puses v\u0113las vienoties, ka atbild\u012bba, izmaksas un riski par pre\u010du iekrau\u0161anu gulstas uz p\u0101rdev\u0113ju, tas ir j\u0101nor\u0101da p\u0101rdo\u0161anas l\u012bgum\u0101 skaidr\u0101 formul\u0113jum\u0101.<\/p>\n<h5>FCA \u2013 Franko p\u0101rvad\u0101t\u0101js (nodo\u0161anas vietas nosaukums)<\/h5>\n<p>P\u0101rdev\u0113js p\u0113c eksporta muitas formalit\u0101\u0161u nok\u0101rto\u0161anas nodod nor\u0101d\u012btaj\u0101 viet\u0101 preces pirm\u0101 p\u0101rvad\u0101t\u0101ja (kuru ir nosaucis pirc\u0113js) r\u012bc\u012bb\u0101. P\u0101rdev\u0113js maks\u0101 par p\u0101rvad\u0101jumu l\u012bdz nor\u0101d\u012btajai pieg\u0101des vietai, un visi riski par p\u0101rvad\u0101jumu p\u0101riet pirc\u0113jam p\u0113c pre\u010du nodo\u0161anas pirmajam p\u0101rvad\u0101t\u0101jam.<\/p>\n<h5>CPT \u2013 Transport\u0113\u0161ana apmaks\u0101ta l\u012bdz (galam\u0113r\u0137a vietas nosaukums)<\/h5>\n<p>P\u0101rdev\u0113js apmaks\u0101 transport\u0113\u0161anu. Riski p\u0101riet pirc\u0113jam p\u0113c pre\u010du nodo\u0161anas pirmajam p\u0101rvad\u0101t\u0101jam import\u0113\u0161anas viet\u0101.<\/p>\n<h5>CIP \u2013 Transport\u0113\u0161ana un apdro\u0161in\u0101\u0161ana apmaks\u0101ta l\u012bdz (galam\u0113r\u0137a vietas nosaukums)<\/h5>\n<p>Konteineru transporta \/ multimod\u0101la transporta ekvivalents nosac\u012bjumiem CIF. P\u0101rdev\u0113js maks\u0101 par p\u0101rvad\u0101jumu un apdro\u0161in\u0101\u0161anu l\u012bdz nosauktajai pieg\u0101des vietai, bet riski p\u0101riet pirc\u0113jam br\u012bd\u012b, kad preces tiek nodotas pirmajam p\u0101rvad\u0101t\u0101jam.<\/p>\n<h5>DAT \u2013 Pieg\u0101d\u0101ts l\u012bdz termin\u0101lam (galam\u0113r\u0137a vietas vai ostas termin\u0101la nosaukums)<\/h5>\n<p>P\u0101rdev\u0113js sedz izmaksas par p\u0101rvad\u0101jumu l\u012bdz noteiktam termin\u0101lam, iz\u0146emot izmaksas, kas saist\u012btas ar importa deklar\u0101cijas noform\u0113\u0161anu, un uz\u0146emas visus riskus l\u012bdz kravas izkrau\u0161anai nor\u0101d\u012btaj\u0101 termin\u0101l\u0101.<\/p>\n<h5>DAP \u2013 Pieg\u0101d\u0101ts l\u012bdz vietai (galam\u0113r\u0137a vietas nosaukums)<\/h5>\n<p>P\u0101rdev\u0113js sedz izmaksas par p\u0101rvad\u0101jumu l\u012bdz noteiktai vietai, iz\u0146emot izmaksas, kas saist\u012btas ar importa deklar\u0101cijas noform\u0113\u0161anu, un uz\u0146emas visus riskus l\u012bdz br\u012bdim, kad krava ir gatava izkrau\u0161anai, kuru veic pirc\u0113js.<\/p>\n<h5>DDP \u2013 Pieg\u0101d\u0101ts ar nodevas samaksu (galam\u0113r\u0137a vietas nosaukums)<\/h5>\n<p>P\u0101rdev\u0113js ir atbild\u012bgs par pre\u010du nog\u0101di l\u012bdz nor\u0101d\u012btajai vietai pirc\u0113ja valst\u012b un apmaks\u0101 visus izdevumus, kas saist\u012bti ar pre\u010du nog\u0101di l\u012bdz galam\u0113r\u0137im, ieskaitot importa nodevas un nodok\u013cu nomaksu. Pirc\u0113js ir atbild\u012bgs par izkrau\u0161anu. \u0160is nosac\u012bjums uzliek maksim\u0101lu atbild\u012bbu p\u0101rdev\u0113jam, bet minim\u0101lu atbild\u012bbu pirc\u0113jam.<\/p>\n<h4>Transport\u0113\u0161ana pa j\u016bru un iek\u0161\u0113jiem \u016bdensce\u013ciem<\/h4>\n<h5>FAS \u2013 Franko gar ku\u0123a bortu (iekrau\u0161anas ostas nosaukums)<\/h5>\n<p>P\u0101rdev\u0113jam ir j\u0101pieg\u0101d\u0101 krava l\u012bdz ku\u0123im nosauktaj\u0101 ost\u0101. P\u0101rdev\u0113jam ir j\u0101nok\u0101rto muitas eksporta formalit\u0101tes. Parasti \u0161o terminu izmanto smagsvara vai beram\u0101m krav\u0101m.<\/p>\n<h5>FOB \u2013 Franko uz ku\u0123a kl\u0101ja (iekrau\u0161anas ostas nosaukums)<\/h5>\n<p>P\u0101rdev\u0113jam ir j\u0101pieg\u0101d\u0101 krava ar uzkrau\u0161anu uz ku\u0123a, kuru nosaucis pirc\u0113js. Izmaksas un riski p\u0101riet br\u012bd\u012b, kad krava ir uzkrauta uz ku\u0123a. P\u0101rdev\u0113jam ir j\u0101nok\u0101rto muitas eksporta formalit\u0101tes.<\/p>\n<h5>CFR \u2013 Cena un frakts (galam\u0113r\u0137a ostas nosaukums)<\/h5>\n<p>P\u0101rdev\u0113jam ir j\u0101sedz visas izmaksas par kravas nog\u0101di l\u012bdz galam\u0113r\u0137a ostai. Ta\u010du riski p\u0101riet pirc\u0113jam br\u012bd\u012b, kad krava ir uzkrauta uz ku\u0123a. Kravas apdro\u0161in\u0101\u0161ana NAV iek\u013cauta cen\u0101. \u0160is nosac\u012bjums iepriek\u0161 bija paz\u012bstams k\u0101 CNF (C&amp;F). Tikai j\u016bras transportam.<\/p>\n<h5>CIF \u2013 Cena, apdro\u0161in\u0101\u0161ana un frakts (galam\u0113r\u0137a ostas nosaukums)<\/h5>\n<p>Tie\u0161i tas pats, kas CFR, ta\u010du p\u0101rdev\u0113jam ir papildus j\u0101nok\u0101rto un j\u0101apmaks\u0101 kravas apdro\u0161in\u0101\u0161ana. Tikai j\u016bras transportam.<\/p>\n","protected":false},"excerpt":{"rendered":"EXW \u2013 No r\u016bpn\u012bcas (nodo\u0161anas vietas nosaukums) P\u0101rdev\u0113js nodro\u0161ina preces pieejam\u012bbu sav\u0101s telp\u0101s. Pirc\u0113js atbild par iekrau\u0161anu. \u0160is nosac\u012bjums uzliek maksim\u0101lu atbild\u012bbu pirc\u0113jam, bet minim\u0101lu atbild\u012bbu p\u0101rdev\u0113jam. EXW nosac\u012bjumi parasti tiek izmantoti, izdarot s\u0101kotn\u0113jo cenas pied\u0101v\u0101jumu pre\u010du p\u0101rdo\u0161anai, neietverot nek\u0101das izmaksas. EXW noz\u012bm\u0113, ka p\u0101rdev\u0113js konkr\u0113t\u0101 datum\u0101 nodro\u0161ina preces pieejam\u012bbu no sav\u0101m telp\u0101m (r\u016bpn\u012bca, noliktava,&#8230; <a class=\"view-article\" href=\"https:\/\/www.baltilogistika.com\/lv\/padomi-un-riki\/incoterms\/\">View Article<\/a>","protected":false},"author":1,"featured_media":0,"parent":4153,"menu_order":2,"comment_status":"closed","ping_status":"closed","template":"template_parts\/page-incoterms.php","meta":{"_exactmetrics_skip_tracking":false,"_exactmetrics_sitenote_active":false,"_exactmetrics_sitenote_note":"","_exactmetrics_sitenote_category":0,"footnotes":""},"class_list":["post-4165","page","type-page","status-publish","hentry"],"_links":{"self":[{"href":"https:\/\/www.baltilogistika.com\/lv\/wp-json\/wp\/v2\/pages\/4165"}],"collection":[{"href":"https:\/\/www.baltilogistika.com\/lv\/wp-json\/wp\/v2\/pages"}],"about":[{"href":"https:\/\/www.baltilogistika.com\/lv\/wp-json\/wp\/v2\/types\/page"}],"author":[{"embeddable":true,"href":"https:\/\/www.baltilogistika.com\/lv\/wp-json\/wp\/v2\/users\/1"}],"replies":[{"embeddable":true,"href":"https:\/\/www.baltilogistika.com\/lv\/wp-json\/wp\/v2\/comments?post=4165"}],"version-history":[{"count":1,"href":"https:\/\/www.baltilogistika.com\/lv\/wp-json\/wp\/v2\/pages\/4165\/revisions"}],"predecessor-version":[{"id":4166,"href":"https:\/\/www.baltilogistika.com\/lv\/wp-json\/wp\/v2\/pages\/4165\/revisions\/4166"}],"up":[{"embeddable":true,"href":"https:\/\/www.baltilogistika.com\/lv\/wp-json\/wp\/v2\/pages\/4153"}],"wp:attachment":[{"href":"https:\/\/www.baltilogistika.com\/lv\/wp-json\/wp\/v2\/media?parent=4165"}],"curies":[{"name":"wp","href":"https:\/\/api.w.org\/{rel}","templated":true}]}}