{"id":4168,"date":"2018-05-16T14:09:55","date_gmt":"2018-05-16T11:09:55","guid":{"rendered":"https:\/\/baltilogistika.com\/padomi-un-riki\/pallet-types\/"},"modified":"2023-07-20T11:35:39","modified_gmt":"2023-07-20T08:35:39","slug":"palesu-veidi","status":"publish","type":"page","link":"https:\/\/www.baltilogistika.com\/lv\/padomi-un-riki\/palesu-veidi\/","title":{"rendered":"Pale\u0161u veidi"},"content":{"rendered":"<p>Eksporta virzieniem \u0101rpus Eiropas Savien\u012bbas vairum\u0101 gad\u012bjumu ir nepiecie\u0161ams izmantot termiski apstr\u0101d\u0101tas paletes (ar mar\u0137\u0113jumu \u201eIPPC\u201d).<\/p>\n<table style=\"height: 146px;\" width=\"411\">\n<tbody>\n<tr>\n<td style=\"width: 160px;\"><strong><span style=\"color: #c40c30;\">Pale\u0161u veidi<\/span><\/strong><\/td>\n<td style=\"width: 235px;\"><strong><span style=\"color: #c40c30;\">Izm\u0113ri<\/span><\/strong><\/td>\n<\/tr>\n<tr>\n<td style=\"width: 160px;\">EUR palete<\/td>\n<td style=\"width: 235px;\">1200 x 800 x A mm<\/td>\n<\/tr>\n<tr>\n<td style=\"width: 160px;\">Maza EUR palete<\/td>\n<td style=\"width: 235px;\">800 x 600 x A mm<\/td>\n<\/tr>\n<tr>\n<td style=\"width: 160px;\">FIN (ISO) palete<\/td>\n<td style=\"width: 235px;\">1000 x 1200 x A mm<\/td>\n<\/tr>\n<\/tbody>\n<\/table>\n","protected":false},"excerpt":{"rendered":"Eksporta virzieniem \u0101rpus Eiropas Savien\u012bbas vairum\u0101 gad\u012bjumu ir nepiecie\u0161ams izmantot termiski apstr\u0101d\u0101tas paletes (ar mar\u0137\u0113jumu \u201eIPPC\u201d). Pale\u0161u veidi Izm\u0113ri EUR palete 1200 x 800 x A mm Maza EUR palete 800 x 600 x A mm FIN (ISO) palete 1000 x 1200 x A mm","protected":false},"author":1,"featured_media":0,"parent":4153,"menu_order":3,"comment_status":"closed","ping_status":"closed","template":"","meta":{"_exactmetrics_skip_tracking":false,"_exactmetrics_sitenote_active":false,"_exactmetrics_sitenote_note":"","_exactmetrics_sitenote_category":0,"footnotes":""},"class_list":["post-4168","page","type-page","status-publish","hentry"],"_links":{"self":[{"href":"https:\/\/www.baltilogistika.com\/lv\/wp-json\/wp\/v2\/pages\/4168"}],"collection":[{"href":"https:\/\/www.baltilogistika.com\/lv\/wp-json\/wp\/v2\/pages"}],"about":[{"href":"https:\/\/www.baltilogistika.com\/lv\/wp-json\/wp\/v2\/types\/page"}],"author":[{"embeddable":true,"href":"https:\/\/www.baltilogistika.com\/lv\/wp-json\/wp\/v2\/users\/1"}],"replies":[{"embeddable":true,"href":"https:\/\/www.baltilogistika.com\/lv\/wp-json\/wp\/v2\/comments?post=4168"}],"version-history":[{"count":1,"href":"https:\/\/www.baltilogistika.com\/lv\/wp-json\/wp\/v2\/pages\/4168\/revisions"}],"predecessor-version":[{"id":4169,"href":"https:\/\/www.baltilogistika.com\/lv\/wp-json\/wp\/v2\/pages\/4168\/revisions\/4169"}],"up":[{"embeddable":true,"href":"https:\/\/www.baltilogistika.com\/lv\/wp-json\/wp\/v2\/pages\/4153"}],"wp:attachment":[{"href":"https:\/\/www.baltilogistika.com\/lv\/wp-json\/wp\/v2\/media?parent=4168"}],"curies":[{"name":"wp","href":"https:\/\/api.w.org\/{rel}","templated":true}]}}